{"id":2474,"date":"2020-11-26T17:49:00","date_gmt":"2020-11-26T16:49:00","guid":{"rendered":"https:\/\/www.cimotec.ch\/?page_id=2474"},"modified":"2024-04-10T15:18:16","modified_gmt":"2024-04-10T13:18:16","slug":"homepage","status":"publish","type":"page","link":"https:\/\/www.cimotec.ch\/fr\/","title":{"rendered":"Homepage"},"content":{"rendered":"<div class=\"wpb-content-wrapper\"><p>[vc_row full_height=\u00a0\u00bbyes\u00a0\u00bb video_bg=\u00a0\u00bbyoutube\u00a0\u00bb video_bg_url=\u00a0\u00bbhttps:\/\/www.youtube.com\/watch?v=fkox8fAhCz4&Prime; css=\u00a0\u00bb.vc_custom_1712755094690{border-bottom-width: 0px !important;padding-top: 0px !important;padding-bottom: 0px !important;}\u00a0\u00bb][vc_column css=\u00a0\u00bb.vc_custom_1604940980177{padding-top: 470px !important;padding-bottom: 470px !important;}\u00a0\u00bb][\/vc_column][\/vc_row][vc_row el_id=\u00a0\u00bbnous-sommes\u00a0\u00bb css=\u00a0\u00bb.vc_custom_1606469080418{padding-top: 30px !important;}\u00a0\u00bb][vc_column css=\u00a0\u00bb.vc_custom_1585734277593{margin-top: 90px !important;}\u00a0\u00bb]<div class=\"title center\"><h2 class=\"\">Nous sommes<span class=\"red-dot\"><\/span><\/h2><hr><\/div>[vc_row_inner el_class=\u00a0\u00bbsection-content\u00a0\u00bb][vc_column_inner offset=\u00a0\u00bbvc_col-md-offset-2 vc_col-md-8&Prime;][vc_column_text font_style=\u00a0\u00bbserif\u00a0\u00bb]<\/p>\n<p style=\"font-size: 21px; text-align: center;\">Votre partenaire made in Suisse pour les lignes de conditionnement et l&rsquo;automatisation industrielle<br \/>\nLa construction est notre passion<\/p>\n<p>[\/vc_column_text][\/vc_column_inner][\/vc_row_inner][\/vc_column][\/vc_row][vc_row full_width=\u00a0\u00bbstretch_row_content_no_spaces\u00a0\u00bb split_row=\u00a0\u00bbyes\u00a0\u00bb split_row_bg_type=\u00a0\u00bbimage\u00a0\u00bb split_row_bg=\u00a0\u00bb2097&Prime; show_title=\u00a0\u00bbyes\u00a0\u00bb split_text_align=\u00a0\u00bbleft\u00a0\u00bb split_text_align_sm=\u00a0\u00bbcenter\u00a0\u00bb split_text_align_xs=\u00a0\u00bbcenter\u00a0\u00bb title=\u00a0\u00bbExpertise\u00a0\u00bb subtitle=\u00a0\u00bbThis is what we love to do.\u00a0\u00bb css=\u00a0\u00bb.vc_custom_1602580299634{border-bottom-width: 0px !important;padding-top: 0px !important;padding-bottom: 0px !important;}\u00a0\u00bb][vc_column width=\u00a0\u00bb2\/3&Prime; offset=\u00a0\u00bbvc_col-md-offset-6 vc_col-md-6 vc_col-sm-offset-4&Prime;]<div class=\"services\"><div class=\"vc_col-md-6 vc_col-sm-6 vc_col-xs-12 border-right border-bottom\"><div class=\"service\"><i class=\"icon-focus\"><\/i><span class=\"back-icon\"><i class=\"icon-focus\"><\/i><\/span><h4>CONSEIL<\/h4><hr><p class=\"alt-paragraph\">De l&#039;id\u00e9e au concept. Des solutions cr\u00e9atives qui inspirent nos clients et cr\u00e9ent de la valeur ajout\u00e9e<\/p><\/div><\/div><div class=\"vc_col-md-6 vc_col-sm-6 vc_col-xs-12 border-bottom\"><div class=\"service\"><i class=\"icon-layers\"><\/i><span class=\"back-icon\"><i class=\"icon-layers\"><\/i><\/span><h4>D\u00c9VELOPPEMENT<\/h4><hr><p class=\"alt-paragraph\">Nos connaissances pluridisciplinaires et notre nom sont synonymes de g\u00e9nie m\u00e9canique innovant<\/p><\/div><\/div><div class=\"vc_col-md-6 vc_col-sm-6 vc_col-xs-12 border-right border-bottom\"><div class=\"service\"><i class=\"icon-mobile\"><\/i><span class=\"back-icon\"><i class=\"icon-mobile\"><\/i><\/span><h4>FABRICATION<\/h4><hr><p class=\"alt-paragraph\">La fabrication, le montage et la mise en service par nos soins garantissent qualit\u00e9 et s\u00e9curit\u00e9<\/p><\/div><\/div><div class=\"vc_col-md-6 vc_col-sm-6 vc_col-xs-12 border-bottom\"><div class=\"service\"><i class=\"icon-globe\"><\/i><span class=\"back-icon\"><i class=\"icon-globe\"><\/i><\/span><h4>PRESTATIONS DE SERVICE<\/h4><hr><p class=\"alt-paragraph\">Nous offrons un support technique qualifi\u00e9 garant d&#039;un fonctionnement optimal de nos installations<\/p><\/div><\/div><\/div>[\/vc_column][\/vc_row][vc_row full_width=\u00a0\u00bbstretch_row_content_no_spaces\u00a0\u00bb split_row=\u00a0\u00bbyes\u00a0\u00bb split_row_bg_type=\u00a0\u00bbimage\u00a0\u00bb split_row_bg=\u00a0\u00bb2101&Prime; split_bg_position=\u00a0\u00bbright\u00a0\u00bb][vc_column width=\u00a0\u00bb1\/2&Prime; offset=\u00a0\u00bbvc_col-md-6&Prime; css=\u00a0\u00bb.vc_custom_1602580094608{padding-right: 100px !important;padding-left: 90px !important;}\u00a0\u00bb]<div class=\"title\"><h3 class=\"\">Nos valeurs<span class=\"red-dot\"><\/span><\/h3><hr><\/div>[vc_row_inner][vc_column_inner el_class=\u00a0\u00bbtextCenter\u00a0\u00bb width=\u00a0\u00bb1\/2&Prime; el_id=\u00a0\u00bbnopadd\u00a0\u00bb css=\u00a0\u00bb.vc_custom_1602580257434{padding-right: 20px !important;padding-left: 10px !important;}\u00a0\u00bb]<div class=\"text-box\"><h4 class=\"upper small-heading\">Innovation<\/h4><p>Nous poursuivons avec comp\u00e9tence le d\u00e9veloppement de nouvelles technologies et leur mise en \u0153uvre \u00e9conomique<\/p><\/div>[\/vc_column_inner][vc_column_inner el_class=\u00a0\u00bbtextCenter\u00a0\u00bb width=\u00a0\u00bb1\/2&Prime; el_id=\u00a0\u00bbnopadd\u00a0\u00bb css=\u00a0\u00bb.vc_custom_1602577881941{margin-left: 30px !important;padding-right: 20px !important;padding-left: 20px !important;}\u00a0\u00bb]<div class=\"text-box\"><h4 class=\"upper small-heading\">QUALIT\u00c9<\/h4><p>La mise en \u0153uvre professionnelle et l'ex\u00e9cution soign\u00e9e de nos syst\u00e8mes garantissent une qualit\u00e9 durable<\/p><\/div>[\/vc_column_inner][vc_column_inner el_class=\u00a0\u00bbtextCenter\u00a0\u00bb width=\u00a0\u00bb1\/2&Prime; el_id=\u00a0\u00bbnopadd\u00a0\u00bb css=\u00a0\u00bb.vc_custom_1602580261330{padding-right: 20px !important;padding-left: 10px !important;}\u00a0\u00bb]<div class=\"text-box\"><h4 class=\"upper small-heading\">CONVIVIALIT\u00c9 ENVERS LE CLEINT<\/h4><p>Notre culture d'entreprise est d'avoir un \u00e9change toujours ouvert et constructif avec nos clients et d'\u00e9tablir un climat de confiance<\/p><\/div>[\/vc_column_inner][vc_column_inner el_class=\u00a0\u00bbtextCenter\u00a0\u00bb width=\u00a0\u00bb1\/2&Prime; el_id=\u00a0\u00bbnopadd\u00a0\u00bb css=\u00a0\u00bb.vc_custom_1602577886623{margin-left: 30px !important;padding-right: 20px !important;padding-left: 20px !important;}\u00a0\u00bb]<div class=\"text-box\"><h4 class=\"upper small-heading\">FIABILIT\u00c9<\/h4><p>Une coop\u00e9ration responsable avec les clients et les fournisseurs fait de nous votre partenaire fiable<\/p><\/div>[\/vc_column_inner][\/vc_row_inner][\/vc_column][\/vc_row][vc_row full_width=\u00a0\u00bbstretch_row_content_no_spaces\u00a0\u00bb split_row=\u00a0\u00bbyes\u00a0\u00bb split_row_bg_type=\u00a0\u00bbimage\u00a0\u00bb split_row_bg=\u00a0\u00bb1672&Prime;][vc_column width=\u00a0\u00bb1\/2&Prime;][\/vc_column][vc_column width=\u00a0\u00bb1\/2&Prime; offset=\u00a0\u00bbvc_col-md-6&Prime; css=\u00a0\u00bb.vc_custom_1602581018980{padding-right: 100px !important;padding-left: 90px !important;}\u00a0\u00bb]<div class=\"title\"><h3 class=\"\">\u00c9quipe<span class=\"red-dot\"><\/span><\/h3><hr><\/div>[vc_row_inner][vc_column_inner el_class=\u00a0\u00bbtextCenter\u00a0\u00bb width=\u00a0\u00bb1\/2&Prime; css=\u00a0\u00bb.vc_custom_1602580257434{padding-right: 20px !important;padding-left: 10px !important;}\u00a0\u00bb]<div class=\"text-box\"><h4 class=\"upper small-heading\">PHILOSOPHIE<\/h4><p>Tout doit \u00eatre aussi simple que possible sans pour autant \u00eatre une lapalissade<\/p><\/div>[\/vc_column_inner][vc_column_inner el_class=\u00a0\u00bbtextCenter\u00a0\u00bb width=\u00a0\u00bb1\/2&Prime; css=\u00a0\u00bb.vc_custom_1602577881941{margin-left: 30px !important;padding-right: 20px !important;padding-left: 20px !important;}\u00a0\u00bb]<div class=\"text-box\"><h4 class=\"upper small-heading\">SAVOIR<\/h4><p>La sensibilit\u00e9 \u00e0 l'innovation, l'inventivit\u00e9 et l'esprit d'\u00e9quipe sont la base du succ\u00e8s<\/p><\/div>[\/vc_column_inner][vc_column_inner el_class=\u00a0\u00bbtextCenter\u00a0\u00bb width=\u00a0\u00bb1\/2&Prime; css=\u00a0\u00bb.vc_custom_1602580261330{padding-right: 20px !important;padding-left: 10px !important;}\u00a0\u00bb]<div class=\"text-box\"><h4 class=\"upper small-heading\">EMPLOY\u00c9S<\/h4><p>Notre direction sait \u00e0 quel point il est essentiel que les employ\u00e9s soient responsables, coop\u00e9ratifs, flexibles et cr\u00e9atifs<\/p><\/div>[\/vc_column_inner][vc_column_inner el_class=\u00a0\u00bbtextCenter\u00a0\u00bb width=\u00a0\u00bb1\/2&Prime; css=\u00a0\u00bb.vc_custom_1602577886623{margin-left: 30px !important;padding-right: 20px !important;padding-left: 20px !important;}\u00a0\u00bb]<div class=\"text-box\"><h4 class=\"upper small-heading\">ENVIRONNEMENT DE TRAVAIL<\/h4><p>Nous attachons une grande importance \u00e0 la coop\u00e9ration ouverte et soutenons le d\u00e9veloppement des collaborateurs<\/p><\/div>[\/vc_column_inner][\/vc_row_inner][\/vc_column][\/vc_row][vc_row full_width=\u00a0\u00bbstretch_row_content_no_spaces\u00a0\u00bb css=\u00a0\u00bb.vc_custom_1606469286083{border-bottom-width: 0px !important;padding-top: 0px !important;padding-bottom: 0px !important;}\u00a0\u00bb el_id=\u00a0\u00bbproduits\u00a0\u00bb][vc_column css=\u00a0\u00bb.vc_custom_1585734001569{margin-top: 100px !important;padding-top: 50px !important;}\u00a0\u00bb]<div class=\"title center\"><h2 class=\"\">Des produits<span class=\"red-dot\"><\/span><\/h2><hr><\/div><ul id=\"filters\" class=\"no-fix\"><li data-filter=\"*\" class=\"active\">All<\/li><li data-filter=\".automatisation\">Automatisation<\/li> <li data-filter=\".c-1902b401f67af25027abdda471a9b0d1\">Construction de machines sp\u00e9cialis\u00e9es<\/li> <li data-filter=\".etiqueteuse\">\u00c9tiqueteuse<\/li> <li data-filter=\".ingenierie\">Ing\u00e9nierie<\/li> <li data-filter=\".c-e0aaa8197e25874176f285f33d8be4b0\">Non tiss\u00e9<\/li> <li data-filter=\".c-bd8f05317bb977ef5e921b407949b04f\">Syst\u00e8mes de cartonnage<\/li> <li data-filter=\".c-e11acdf9f457f97e5f5ec746f935239e\">Syst\u00e8mes de transport<\/li> <\/ul><div id=\"works-grid\" class=\"wide four-col\"><div class=\"work-item engineering\"><div class=\"work-detail\"><a href=\"https:\/\/www.cimotec.ch\/portfolio\/engineering\/\"><img decoding=\"async\" src=\"https:\/\/www.cimotec.ch\/wp-content\/uploads\/2020\/10\/Titolo-Eng-960x640.jpg\" alt=\"Homepage\"><div class=\"work-info\"><div class=\"centrize\"><div class=\"v-center\"><h3>Engineering<\/h3><p>Engineering<\/p><\/div><\/div><\/div><\/a><\/div><\/div><div class=\"work-item etikettierer\"><div class=\"work-detail\"><a href=\"https:\/\/www.cimotec.ch\/portfolio\/etikettierer\/\"><img decoding=\"async\" src=\"https:\/\/www.cimotec.ch\/wp-content\/uploads\/2020\/10\/Titolo-Ettikettierer-960x640.jpg\" alt=\"Homepage\"><div class=\"work-info\"><div class=\"centrize\"><div class=\"v-center\"><h3>Etikettierer<\/h3><p>Etikettierer<\/p><\/div><\/div><\/div><\/a><\/div><\/div><div class=\"work-item transportsysteme\"><div class=\"work-detail\"><a href=\"https:\/\/www.cimotec.ch\/portfolio\/transportsysteme\/\"><img decoding=\"async\" src=\"https:\/\/www.cimotec.ch\/wp-content\/uploads\/2020\/04\/Titolo-Trans-960x640.jpg\" alt=\"Homepage\"><div class=\"work-info\"><div class=\"centrize\"><div class=\"v-center\"><h3>Transportsysteme<\/h3><p>Transportsysteme<\/p><\/div><\/div><\/div><\/a><\/div><\/div><div class=\"work-item automation\"><div class=\"work-detail\"><a href=\"https:\/\/www.cimotec.ch\/portfolio\/automation\/\"><img decoding=\"async\" src=\"https:\/\/www.cimotec.ch\/wp-content\/uploads\/2020\/04\/Titolo-Automation-960x640.jpg\" alt=\"Homepage\"><div class=\"work-info\"><div class=\"centrize\"><div class=\"v-center\"><h3>Automation<\/h3><p>Automation<\/p><\/div><\/div><\/div><\/a><\/div><\/div><div class=\"work-item nonwoven\"><div class=\"work-detail\"><a href=\"https:\/\/www.cimotec.ch\/portfolio\/nonwoven\/\"><img decoding=\"async\" src=\"https:\/\/www.cimotec.ch\/wp-content\/uploads\/2020\/02\/CIMOTEC_260313_0013_INTERNET-960x640.jpg\" alt=\"Homepage\"><div class=\"work-info\"><div class=\"centrize\"><div class=\"v-center\"><h3>Nonwoven<\/h3><p>Nonwoven<\/p><\/div><\/div><\/div><\/a><\/div><\/div><div class=\"work-item sondermaschinenbau\"><div class=\"work-detail\"><a href=\"https:\/\/www.cimotec.ch\/portfolio\/sondermaschinenbau\/\"><img decoding=\"async\" src=\"https:\/\/www.cimotec.ch\/wp-content\/uploads\/2020\/02\/Titolo-Sonder-960x640.jpg\" alt=\"Homepage\"><div class=\"work-info\"><div class=\"centrize\"><div class=\"v-center\"><h3>Sondermaschinenbau<\/h3><p>Sondermaschinenbau<\/p><\/div><\/div><\/div><\/a><\/div><\/div><div class=\"work-item kartonieranlagen\"><div class=\"work-detail\"><a href=\"https:\/\/www.cimotec.ch\/portfolio\/kartonieranlagen\/\"><img decoding=\"async\" src=\"https:\/\/www.cimotec.ch\/wp-content\/uploads\/2016\/01\/Titolo-Kartonierer-960x640.jpg\" alt=\"Homepage\"><div class=\"work-info\"><div class=\"centrize\"><div class=\"v-center\"><h3>Kartonieranlagen<\/h3><p>Kartonieranlagen<\/p><\/div><\/div><\/div><\/a><\/div><\/div><\/div>[\/vc_column][\/vc_row][vc_row el_id=\u00a0\u00bbpartner\u00a0\u00bb css=\u00a0\u00bb.vc_custom_1602511478091{padding-top: 40px !important;padding-bottom: 70px !important;}\u00a0\u00bb][vc_column css=\u00a0\u00bb.vc_custom_1585734137582{margin-top: 90px !important;}\u00a0\u00bb]<div class=\"title center\"><h3 class=\"\">Partner<span class=\"red-dot\"><\/span><\/h3><hr><\/div>[vc_row_inner css=\u00a0\u00bb.vc_custom_1452868173625{padding-top: 25px !important;padding-bottom: 25px !important;}\u00a0\u00bb][vc_column_inner]<div class=\"boxes clients\"><div class=\"row\"><div class=\"col-sm-4 col-xs-6\"><img decoding=\"async\" class=\"client-image\" src=\"https:\/\/www.cimotec.ch\/wp-content\/uploads\/2020\/10\/Altech.jpg\" data-animated=\"true\" alt=\"\"><\/div><div class=\"col-sm-4 col-xs-6 border-right border-left\"><img decoding=\"async\" class=\"client-image\" src=\"https:\/\/www.cimotec.ch\/wp-content\/uploads\/2020\/10\/Comau2.png\" data-animated=\"true\" alt=\"\"><\/div><div class=\"col-sm-4 col-xs-6\"><img decoding=\"async\" class=\"client-image\" src=\"https:\/\/www.cimotec.ch\/wp-content\/uploads\/2020\/10\/Cariba.jpg\" data-animated=\"true\" alt=\"\"><\/div><\/div><\/div>[\/vc_column_inner][\/vc_row_inner][\/vc_column][\/vc_row][vc_row css=\u00a0\u00bb.vc_custom_1606469392286{padding-top: 110px !important;padding-bottom: 50px !important;}\u00a0\u00bb el_id=\u00a0\u00bbcontact\u00a0\u00bb][vc_column width=\u00a0\u00bb1\/3&Prime;]<div class=\"icon-box-small \"><i class=\"icon-map\" ><\/i><span class=\"back-icon\"><i class=\"icon-map\"><\/i><\/span><hr><h4>Adre\u0301sse<\/h4><p>Via al Fiume 1<br \/>\nCH-6930 Bedano<\/p>\n<p>Badstrasse 43<br \/>\nCH-9230 Flawil<\/p><\/div>[\/vc_column][vc_column width=\u00a0\u00bb1\/3&Prime; el_class=\u00a0\u00bbiconwithspace\u00a0\u00bb]<div class=\"icon-box-small \"><i class=\"icon-phone\" ><\/i><span class=\"back-icon\"><i class=\"icon-phone\"><\/i><\/span><hr><h4>T\u00c9L\u00c9PHONE<\/h4><p>+41 91 935 21 80<\/p>\n<p>+41 71 394 00 40<\/p><\/div>[\/vc_column][vc_column width=\u00a0\u00bb1\/3&Prime; el_class=\u00a0\u00bbiconwithspace\u00a0\u00bb]<div class=\"icon-box-small \"><i class=\"icon-envelope\" ><\/i><span class=\"back-icon\"><i class=\"icon-envelope\"><\/i><\/span><hr><h4>EMAIL<\/h4><p>info@cimotec.ch<\/p>\n<p>verkauf@cimotec.ch<\/p><\/div>[\/vc_column][\/vc_row][vc_row full_width=\u00a0\u00bbstretch_row\u00a0\u00bb css=\u00a0\u00bb.vc_custom_1585736027358{padding-top: 0px !important;}\u00a0\u00bb][vc_column width=\u00a0\u00bb1\/2&Prime;][vc_column_text]<\/p>\n<style>.embed-container {position: relative; padding-bottom: 80%; height: 0; max-width: 100%;} .embed-container iframe, .embed-container object, .embed-container iframe{position: absolute; top: 0; left: 0; width: 100%; height: 100%;} small{position: absolute; z-index: 40; bottom: 0; margin-bottom: -15px;}<\/style>\n<div class=\"embed-container\"><iframe loading=\"lazy\" title=\"Human Geography Map\" src=\"\/\/www.arcgis.com\/apps\/Embed\/index.html?webmap=3582b744bba84668b52a16b0b6942544&amp;extent=8.8934,46.0401,8.9568,46.0657&amp;zoom=true&amp;previewImage=false&amp;scale=true&amp;disable_scroll=true&amp;theme=light&amp;marker=8.924;46.052;;;;Cimotec%20SA\" width=\"500\" height=\"400\" frameborder=\"0\" marginwidth=\"0\" marginheight=\"0\" scrolling=\"no\" data-mce-fragment=\"1\"><\/iframe><\/div>\n<p>[\/vc_column_text][\/vc_column][vc_column width=\u00a0\u00bb1\/2&Prime; css=\u00a0\u00bb.vc_custom_1602138557004{padding-top: 80px !important;padding-right: 60px !important;padding-left: 40px !important;}\u00a0\u00bb]<div class=\"title\"><h3 class=\"\">Contact<span class=\"red-dot\"><\/span><\/h3><hr><\/div>\n<div class=\"wpcf7 no-js\" id=\"wpcf7-f2487-o1\" lang=\"fr-FR\" dir=\"ltr\" data-wpcf7-id=\"2487\">\n<div class=\"screen-reader-response\"><p role=\"status\" aria-live=\"polite\" aria-atomic=\"true\"><\/p> <ul><\/ul><\/div>\n<form action=\"\/fr\/wp-json\/wp\/v2\/pages\/2474#wpcf7-f2487-o1\" method=\"post\" class=\"wpcf7-form init\" aria-label=\"Formulaire de contact\" novalidate=\"novalidate\" data-status=\"init\">\n<fieldset class=\"hidden-fields-container\"><input type=\"hidden\" name=\"_wpcf7\" value=\"2487\" \/><input type=\"hidden\" name=\"_wpcf7_version\" value=\"6.1.5\" \/><input type=\"hidden\" name=\"_wpcf7_locale\" value=\"fr_FR\" \/><input type=\"hidden\" name=\"_wpcf7_unit_tag\" value=\"wpcf7-f2487-o1\" \/><input type=\"hidden\" name=\"_wpcf7_container_post\" value=\"0\" \/><input type=\"hidden\" name=\"_wpcf7_posted_data_hash\" value=\"\" \/><input type=\"hidden\" name=\"_wpcf7_recaptcha_response\" value=\"\" \/>\n<\/fieldset>\n<div class=\"form-group\">\n\t<p><span class=\"wpcf7-form-control-wrap\" data-name=\"your-name\"><input size=\"40\" maxlength=\"400\" class=\"wpcf7-form-control wpcf7-text wpcf7-validates-as-required\" aria-required=\"true\" aria-invalid=\"false\" placeholder=\"Name\" value=\"\" type=\"text\" name=\"your-name\" \/><\/span>\n\t<\/p>\n<\/div>\n<div class=\"form-group\">\n\t<p><span class=\"wpcf7-form-control-wrap\" data-name=\"your-email\"><input size=\"40\" maxlength=\"400\" class=\"wpcf7-form-control wpcf7-email wpcf7-validates-as-required wpcf7-text wpcf7-validates-as-email\" aria-required=\"true\" aria-invalid=\"false\" placeholder=\"Email\" value=\"\" type=\"email\" name=\"your-email\" \/><\/span>\n\t<\/p>\n<\/div>\n<div class=\"form-group\">\n\t<p><span class=\"wpcf7-form-control-wrap\" data-name=\"your-phone\"><input size=\"40\" maxlength=\"400\" class=\"wpcf7-form-control wpcf7-text\" aria-invalid=\"false\" placeholder=\"Telefon\" value=\"\" type=\"text\" name=\"your-phone\" \/><\/span>\n\t<\/p>\n<\/div>\n<div class=\"form-group\">\n\t<p><span class=\"wpcf7-form-control-wrap\" data-name=\"your-message\"><textarea cols=\"40\" rows=\"10\" maxlength=\"2000\" class=\"wpcf7-form-control wpcf7-textarea wpcf7-validates-as-required\" aria-required=\"true\" aria-invalid=\"false\" placeholder=\"Mitteilung\" name=\"your-message\"><\/textarea><\/span>\n\t<\/p>\n<\/div>\n<div class=\"form-group\">\n\t<p><span class=\"wpcf7-form-control-wrap\" data-name=\"acceptance-316\"><span class=\"wpcf7-form-control wpcf7-acceptance\"><span class=\"wpcf7-list-item\"><label><input type=\"checkbox\" name=\"acceptance-316\" value=\"1\" aria-invalid=\"false\" \/><span class=\"wpcf7-list-item-label\">J'accepte les conditions indiqu\u00e9es dans la Politique de Confidentialit\u00e9<\/span><\/label><\/span><\/span><\/span>\n\t<\/p>\n<\/div>\n<div class=\"form-group\">\n\t<p><input class=\"wpcf7-form-control wpcf7-submit has-spinner btn-color\" type=\"submit\" value=\"Senden\" \/>\n\t<\/p>\n<\/div><div class=\"wpcf7-response-output\" aria-hidden=\"true\"><\/div>\n<\/form>\n<\/div>\n[\/vc_column][\/vc_row][vc_row el_class=\u00a0\u00bbhidden-container\u00a0\u00bb][vc_column][vc_raw_html]JTNDc2NyaXB0JTNFJTBBalF1ZXJ5JTI4ZnVuY3Rpb24lMjglMjklN0IlMEElMjAlMjBqUXVlcnklMjglMjIuY2xpZW50LWltYWdlJTNBZmlyc3QlMjIlMjkud3JhcCUyOCUyMiUzQ2ElMjBocmVmJTNEJTVDJTIyaHR0cCUzQSUyRiUyRmZyLmFsdGVjaC5pdCUyRiU1QyUyMiUyMCUyMHRhcmdldCUzRCU1QyUyMl9ibGFuayU1QyUyMiUzRSUzQyUyRmElM0UlMjIlMjklM0IlMEElMjAlMjBqUXVlcnklMjglMjIuY2xpZW50LWltYWdlJTNBZXElMjgxJTI5JTIyJTI5LndyYXAlMjglMjIlM0NhJTIwaHJlZiUzRCU1QyUyMmh0dHBzJTNBJTJGJTJGd3d3LmNvbWF1LmNvbSUyRmZyJTJGY29tcGV0ZW5jaWVzJTJGcm9ib3RpY3MtYXV0b21hdGlvbiUyRnJvYm90LXRlYW0lMkYlNUMlMjIlMjAlMjB0YXJnZXQlM0QlNUMlMjJfYmxhbmslNUMlMjIlM0UlM0MlMkZhJTNFJTIyJTI5JTNCJTBBJTIwJTIwalF1ZXJ5JTI4JTIyLmNsaWVudC1pbWFnZSUzQWVxJTI4MiUyOSUyMiUyOS53cmFwJTI4JTIyJTNDYSUyMGhyZWYlM0QlNUMlMjJodHRwcyUzQSUyRiUyRnd3dy5jYXJpYmEuaXQlMkZlbiUyRiU1QyUyMiUyMHRhcmdldCUzRCU1QyUyMl9ibGFuayU1QyUyMiUzRSUzQyUyRmElM0UlMjIlMjklM0IlMEElN0QlMjklM0IlMEElM0MlMkZzY3JpcHQlM0U=[\/vc_raw_html][\/vc_column][\/vc_row]<\/p>\n<\/div>","protected":false},"excerpt":{"rendered":"<p>[vc_row full_height=\u00a0\u00bbyes\u00a0\u00bb video_bg=\u00a0\u00bbyoutube\u00a0\u00bb video_bg_url=\u00a0\u00bbhttps:\/\/www.youtube.com\/watch?v=fkox8fAhCz4&Prime; css=\u00a0\u00bb.vc_custom_1712755094690{border-bottom-width: 0px !important;padding-top: 0px !important;padding-bottom: 0px !important;}\u00a0\u00bb][vc_column css=\u00a0\u00bb.vc_custom_1604940980177{padding-top: 470px !important;padding-bottom: 470px !important;}\u00a0\u00bb][\/vc_column][\/vc_row][vc_row el_id=\u00a0\u00bbnous-sommes\u00a0\u00bb css=\u00a0\u00bb.vc_custom_1606469080418{padding-top: 30px !important;}\u00a0\u00bb][vc_column css=\u00a0\u00bb.vc_custom_1585734277593{margin-top: 90px !important;}\u00a0\u00bb][vc_row_inner el_class=\u00a0\u00bbsection-content\u00a0\u00bb][vc_column_inner offset=\u00a0\u00bbvc_col-md-offset-2 vc_col-md-8&Prime;][vc_column_text font_style=\u00a0\u00bbserif\u00a0\u00bb] Votre partenaire made in Suisse pour les lignes de conditionnement et l&rsquo;automatisation industrielle La construction est notre passion [\/vc_column_text][\/vc_column_inner][\/vc_row_inner][\/vc_column][\/vc_row][vc_row full_width=\u00a0\u00bbstretch_row_content_no_spaces\u00a0\u00bb split_row=\u00a0\u00bbyes\u00a0\u00bb split_row_bg_type=\u00a0\u00bbimage\u00a0\u00bb split_row_bg=\u00a0\u00bb2097&Prime; show_title=\u00a0\u00bbyes\u00a0\u00bb split_text_align=\u00a0\u00bbleft\u00a0\u00bb split_text_align_sm=\u00a0\u00bbcenter\u00a0\u00bb split_text_align_xs=\u00a0\u00bbcenter\u00a0\u00bb title=\u00a0\u00bbExpertise\u00a0\u00bb[&#8230;] <\/p>\n<p class=\"mt-15\"><a class=\"btn btn-color btn-sm\" href=\"https:\/\/www.cimotec.ch\/fr\/\">Read More<\/a><\/p>\n","protected":false},"author":1,"featured_media":0,"parent":0,"menu_order":0,"comment_status":"closed","ping_status":"closed","template":"","meta":{"footnotes":""},"class_list":["post-2474","page","type-page","status-publish","hentry"],"_links":{"self":[{"href":"https:\/\/www.cimotec.ch\/fr\/wp-json\/wp\/v2\/pages\/2474","targetHints":{"allow":["GET"]}}],"collection":[{"href":"https:\/\/www.cimotec.ch\/fr\/wp-json\/wp\/v2\/pages"}],"about":[{"href":"https:\/\/www.cimotec.ch\/fr\/wp-json\/wp\/v2\/types\/page"}],"author":[{"embeddable":true,"href":"https:\/\/www.cimotec.ch\/fr\/wp-json\/wp\/v2\/users\/1"}],"replies":[{"embeddable":true,"href":"https:\/\/www.cimotec.ch\/fr\/wp-json\/wp\/v2\/comments?post=2474"}],"version-history":[{"count":16,"href":"https:\/\/www.cimotec.ch\/fr\/wp-json\/wp\/v2\/pages\/2474\/revisions"}],"predecessor-version":[{"id":2736,"href":"https:\/\/www.cimotec.ch\/fr\/wp-json\/wp\/v2\/pages\/2474\/revisions\/2736"}],"wp:attachment":[{"href":"https:\/\/www.cimotec.ch\/fr\/wp-json\/wp\/v2\/media?parent=2474"}],"curies":[{"name":"wp","href":"https:\/\/api.w.org\/{rel}","templated":true}]}}