{"id":2500,"date":"2020-02-21T09:04:47","date_gmt":"2020-02-21T08:04:47","guid":{"rendered":"https:\/\/www.cimotec.ch\/job\/"},"modified":"2020-11-27T11:25:02","modified_gmt":"2020-11-27T10:25:02","slug":"emploi","status":"publish","type":"page","link":"https:\/\/www.cimotec.ch\/fr\/emploi\/","title":{"rendered":"Emploi"},"content":{"rendered":"<div class=\"wpb-content-wrapper\"><p>[vc_row css=\u00a0\u00bb.vc_custom_1582273447229{padding-bottom: 60px !important;}\u00a0\u00bb][vc_column offset=\u00a0\u00bbvc_col-md-6&Prime;][vc_single_image image=\u00a0\u00bb2255&Prime; img_size=\u00a0\u00bbfull\u00a0\u00bb alignment=\u00a0\u00bbcenter\u00a0\u00bb css=\u00a0\u00bb.vc_custom_1602510145936{margin-top: 30px !important;}\u00a0\u00bb][\/vc_column][vc_column offset=\u00a0\u00bbvc_col-md-6&Prime; css=\u00a0\u00bb.vc_custom_1582273370973{margin-left: 30px !important;}\u00a0\u00bb]<div class=\"title txt-xs-center txt-sm-center\"><h1 class=\"\">Emploi<span class=\"red-dot\"><\/span><\/h1><\/div>[vc_column_text]Nous vous proposons un large \u00e9ventail d&rsquo;opportunit\u00e9s professionnelles dans le domaine de l&rsquo;automatisation industrielle<\/p>\n<p>En tant qu&rsquo;entreprise orient\u00e9e client, nous savons \u00e0 quel point avoir de bons collaborateurs est essentiel<\/p>\n<p>D\u00e9couvrez les postes vacants chez Cimotec et lancez-vous dans de nouveaux d\u00e9fis[\/vc_column_text][\/vc_column][\/vc_row][vc_row css=\u00a0\u00bb.vc_custom_1582273475565{padding-top: 70px !important;}\u00a0\u00bb][vc_column width=\u00a0\u00bb1\/3&Prime;][vc_column_text]Allegato, link o PDF[\/vc_column_text][\/vc_column][vc_column width=\u00a0\u00bb1\/3&Prime;][vc_column_text]Allegato, link o PDF[\/vc_column_text][\/vc_column][vc_column width=\u00a0\u00bb1\/3&Prime;][vc_column_text]Allegato, link o PDF[\/vc_column_text][\/vc_column][\/vc_row]<\/p>\n<\/div>","protected":false},"excerpt":{"rendered":"<p>[vc_row css=\u00a0\u00bb.vc_custom_1582273447229{padding-bottom: 60px !important;}\u00a0\u00bb][vc_column offset=\u00a0\u00bbvc_col-md-6&Prime;][vc_single_image image=\u00a0\u00bb2255&Prime; img_size=\u00a0\u00bbfull\u00a0\u00bb alignment=\u00a0\u00bbcenter\u00a0\u00bb css=\u00a0\u00bb.vc_custom_1602510145936{margin-top: 30px !important;}\u00a0\u00bb][\/vc_column][vc_column offset=\u00a0\u00bbvc_col-md-6&Prime; css=\u00a0\u00bb.vc_custom_1582273370973{margin-left: 30px !important;}\u00a0\u00bb][vc_column_text]Nous vous proposons un large \u00e9ventail d&rsquo;opportunit\u00e9s professionnelles dans le domaine de l&rsquo;automatisation industrielle En tant qu&rsquo;entreprise orient\u00e9e client, nous savons \u00e0 quel point avoir de bons collaborateurs est essentiel D\u00e9couvrez les postes vacants chez Cimotec et lancez-vous dans de nouveaux[&#8230;] <\/p>\n<p class=\"mt-15\"><a class=\"btn btn-color btn-sm\" href=\"https:\/\/www.cimotec.ch\/fr\/emploi\/\">Read More<\/a><\/p>\n","protected":false},"author":1,"featured_media":0,"parent":0,"menu_order":0,"comment_status":"closed","ping_status":"closed","template":"","meta":{"footnotes":""},"class_list":["post-2500","page","type-page","status-publish","hentry"],"_links":{"self":[{"href":"https:\/\/www.cimotec.ch\/fr\/wp-json\/wp\/v2\/pages\/2500","targetHints":{"allow":["GET"]}}],"collection":[{"href":"https:\/\/www.cimotec.ch\/fr\/wp-json\/wp\/v2\/pages"}],"about":[{"href":"https:\/\/www.cimotec.ch\/fr\/wp-json\/wp\/v2\/types\/page"}],"author":[{"embeddable":true,"href":"https:\/\/www.cimotec.ch\/fr\/wp-json\/wp\/v2\/users\/1"}],"replies":[{"embeddable":true,"href":"https:\/\/www.cimotec.ch\/fr\/wp-json\/wp\/v2\/comments?post=2500"}],"version-history":[{"count":2,"href":"https:\/\/www.cimotec.ch\/fr\/wp-json\/wp\/v2\/pages\/2500\/revisions"}],"predecessor-version":[{"id":2502,"href":"https:\/\/www.cimotec.ch\/fr\/wp-json\/wp\/v2\/pages\/2500\/revisions\/2502"}],"wp:attachment":[{"href":"https:\/\/www.cimotec.ch\/fr\/wp-json\/wp\/v2\/media?parent=2500"}],"curies":[{"name":"wp","href":"https:\/\/api.w.org\/{rel}","templated":true}]}}