{"id":2456,"date":"2020-11-26T17:08:56","date_gmt":"2020-11-26T16:08:56","guid":{"rendered":"https:\/\/www.cimotec.ch\/?page_id=2456"},"modified":"2024-04-10T15:12:10","modified_gmt":"2024-04-10T13:12:10","slug":"homepage","status":"publish","type":"page","link":"https:\/\/www.cimotec.ch\/it\/","title":{"rendered":"Homepage"},"content":{"rendered":"<div class=\"wpb-content-wrapper\"><p>[vc_row full_height=&#8221;yes&#8221; video_bg=&#8221;youtube&#8221; video_bg_url=&#8221;https:\/\/www.youtube.com\/watch?v=fkox8fAhCz4&#8243; css=&#8221;.vc_custom_1712754727955{border-bottom-width: 0px !important;padding-top: 0px !important;padding-bottom: 0px !important;}&#8221;][vc_column css=&#8221;.vc_custom_1604940980177{padding-top: 470px !important;padding-bottom: 470px !important;}&#8221;][\/vc_column][\/vc_row][vc_row el_id=&#8221;chi-siamo&#8221; css=&#8221;.vc_custom_1606470509492{padding-top: 30px !important;}&#8221;][vc_column css=&#8221;.vc_custom_1585734277593{margin-top: 90px !important;}&#8221;]<div class=\"title center\"><h2 class=\"\">Chi siamo<span class=\"red-dot\"><\/span><\/h2><hr><\/div>[vc_row_inner el_class=&#8221;section-content&#8221;][vc_column_inner offset=&#8221;vc_col-md-offset-2 vc_col-md-8&#8243;][vc_column_text font_style=&#8221;serif&#8221;]<\/p>\n<p style=\"font-size: 21px; text-align: center;\">Il vostro partner per le linee di confezionamento finale e l&#8217;automazione industriale<br \/>\nmade in Switzerland<br \/>\nCostruire \u00e8 la nostra passione<\/p>\n<p>[\/vc_column_text][\/vc_column_inner][\/vc_row_inner][\/vc_column][\/vc_row][vc_row full_width=&#8221;stretch_row_content_no_spaces&#8221; split_row=&#8221;yes&#8221; split_row_bg_type=&#8221;image&#8221; split_row_bg=&#8221;2097&#8243; show_title=&#8221;yes&#8221; split_text_align=&#8221;left&#8221; split_text_align_sm=&#8221;center&#8221; split_text_align_xs=&#8221;center&#8221; title=&#8221;Expertise&#8221; subtitle=&#8221;This is what we love to do.&#8221; css=&#8221;.vc_custom_1602580299634{border-bottom-width: 0px !important;padding-top: 0px !important;padding-bottom: 0px !important;}&#8221;][vc_column width=&#8221;2\/3&#8243; offset=&#8221;vc_col-md-offset-6 vc_col-md-6 vc_col-sm-offset-4&#8243;]<div class=\"services\"><div class=\"vc_col-md-6 vc_col-sm-6 vc_col-xs-12 border-right border-bottom\"><div class=\"service\"><i class=\"icon-focus\"><\/i><span class=\"back-icon\"><i class=\"icon-focus\"><\/i><\/span><h4>CONSULENZA<\/h4><hr><p class=\"alt-paragraph\">Dall&#039;idea al concetto. Soluzioni creative che entusiasmano i nostri clienti e creano valore aggiunto<\/p><\/div><\/div><div class=\"vc_col-md-6 vc_col-sm-6 vc_col-xs-12 border-bottom\"><div class=\"service\"><i class=\"icon-layers\"><\/i><span class=\"back-icon\"><i class=\"icon-layers\"><\/i><\/span><h4>SVILUPPO<\/h4><hr><p class=\"alt-paragraph\">Conoscenze globali e la nostra reputazione sono sinonimo di innovazione nella costruzione di macchine<\/p><\/div><\/div><div class=\"vc_col-md-6 vc_col-sm-6 vc_col-xs-12 border-right border-bottom\"><div class=\"service\"><i class=\"icon-mobile\"><\/i><span class=\"back-icon\"><i class=\"icon-mobile\"><\/i><\/span><h4>PRODUZIONE<\/h4><hr><p class=\"alt-paragraph\">Fabbricazione, montaggio e messa in servizio da un unico fornitore garantiscono qualit\u00e0 e sicurezza<\/p><\/div><\/div><div class=\"vc_col-md-6 vc_col-sm-6 vc_col-xs-12 border-bottom\"><div class=\"service\"><i class=\"icon-globe\"><\/i><span class=\"back-icon\"><i class=\"icon-globe\"><\/i><\/span><h4>ASSISTENZA<\/h4><hr><p class=\"alt-paragraph\">Offriamo un&#039;assistenza tecnica qualificata per un esercizio ottimale dei nostri impianti<\/p><\/div><\/div><\/div>[\/vc_column][\/vc_row][vc_row full_width=&#8221;stretch_row_content_no_spaces&#8221; split_row=&#8221;yes&#8221; split_row_bg_type=&#8221;image&#8221; split_row_bg=&#8221;2101&#8243; split_bg_position=&#8221;right&#8221;][vc_column width=&#8221;1\/2&#8243; offset=&#8221;vc_col-md-6&#8243; css=&#8221;.vc_custom_1602580094608{padding-right: 100px !important;padding-left: 90px !important;}&#8221;]<div class=\"title\"><h3 class=\"\">I nostri valori<span class=\"red-dot\"><\/span><\/h3><hr><\/div>[vc_row_inner][vc_column_inner el_class=&#8221;textCenter&#8221; width=&#8221;1\/2&#8243; el_id=&#8221;nopadd&#8221; css=&#8221;.vc_custom_1602580257434{padding-right: 20px !important;padding-left: 10px !important;}&#8221;]<div class=\"text-box\"><h4 class=\"upper small-heading\">INNOVAZIONE<\/h4><p>Con competenza professionale, perseguiamo insieme lo sviluppo di nuove tecnologie e la loro attuazione efficiente<\/p><\/div>[\/vc_column_inner][vc_column_inner el_class=&#8221;textCenter&#8221; width=&#8221;1\/2&#8243; el_id=&#8221;nopadd&#8221; css=&#8221;.vc_custom_1602577881941{margin-left: 30px !important;padding-right: 20px !important;padding-left: 20px !important;}&#8221;]<div class=\"text-box\"><h4 class=\"upper small-heading\">Qualit\u00e0<\/h4><p>La realizzazione professionale e l'accurata esecuzione dei nostri impianti sono garanzia di qualit\u00e0 stabile<\/p><\/div>[\/vc_column_inner][vc_column_inner el_class=&#8221;textCenter&#8221; width=&#8221;1\/2&#8243; el_id=&#8221;nopadd&#8221; css=&#8221;.vc_custom_1602580261330{padding-right: 20px !important;padding-left: 10px !important;}&#8221;]<div class=\"text-box\"><h4 class=\"upper small-heading\">ATTENZIONE ALLA CLIENTELA<\/h4><p>Uno scambio d'idee aperto e costruttivo con i nostri clienti \u00e8 parte della nostra cultura aziendale viva e crea fiducia<\/p><\/div>[\/vc_column_inner][vc_column_inner el_class=&#8221;textCenter&#8221; width=&#8221;1\/2&#8243; el_id=&#8221;nopadd&#8221; css=&#8221;.vc_custom_1602577886623{margin-left: 30px !important;padding-right: 20px !important;padding-left: 20px !important;}&#8221;]<div class=\"text-box\"><h4 class=\"upper small-heading\">AFFIDABILIT\u00c0<\/h4><p>La collaborazione responsabile con clienti e fornitori fanno di noi un partner affidabile<\/p><\/div>[\/vc_column_inner][\/vc_row_inner][\/vc_column][\/vc_row][vc_row full_width=&#8221;stretch_row_content_no_spaces&#8221; split_row=&#8221;yes&#8221; split_row_bg_type=&#8221;image&#8221; split_row_bg=&#8221;1672&#8243;][vc_column width=&#8221;1\/2&#8243;][\/vc_column][vc_column width=&#8221;1\/2&#8243; offset=&#8221;vc_col-md-6&#8243; css=&#8221;.vc_custom_1602581018980{padding-right: 100px !important;padding-left: 90px !important;}&#8221;]<div class=\"title\"><h3 class=\"\">Team<span class=\"red-dot\"><\/span><\/h3><hr><\/div>[vc_row_inner][vc_column_inner el_class=&#8221;textCenter&#8221; width=&#8221;1\/2&#8243; css=&#8221;.vc_custom_1602580257434{padding-right: 20px !important;padding-left: 10px !important;}&#8221;]<div class=\"text-box\"><h4 class=\"upper small-heading\">FILOSOFIA<\/h4><p>Dovrebbe essere tutto il pi\u00f9 semplice possibile, ma non pi\u00f9 semplice di cos\u00ec Albert Einstein<\/p><\/div>[\/vc_column_inner][vc_column_inner el_class=&#8221;textCenter&#8221; width=&#8221;1\/2&#8243; css=&#8221;.vc_custom_1602577881941{margin-left: 30px !important;padding-right: 20px !important;padding-left: 20px !important;}&#8221;]<div class=\"text-box\"><h4 class=\"upper small-heading\">CONOSCENZE<\/h4><p>Spirito di innovazione, inventiva e spirito di gruppo sono la base del successo<\/p><\/div>[\/vc_column_inner][vc_column_inner el_class=&#8221;textCenter&#8221; width=&#8221;1\/2&#8243; css=&#8221;.vc_custom_1602580261330{padding-right: 20px !important;padding-left: 10px !important;}&#8221;]<div class=\"text-box\"><h4 class=\"upper small-heading\">COLLABORATORI<\/h4><p>La nostra direzione quanto siano importanti i collaboratori responsabili, collaborativi, flessibili e creativi<\/p><\/div>[\/vc_column_inner][vc_column_inner el_class=&#8221;textCenter&#8221; width=&#8221;1\/2&#8243; css=&#8221;.vc_custom_1602577886623{margin-left: 30px !important;padding-right: 20px !important;padding-left: 20px !important;}&#8221;]<div class=\"text-box\"><h4 class=\"upper small-heading\">AMBIENTE DI LAVORO<\/h4><p>Stimiamo l'apertura reciproca e promuoviamo lo sviluppo dei collaboratori<\/p><\/div>[\/vc_column_inner][\/vc_row_inner][\/vc_column][\/vc_row][vc_row full_width=&#8221;stretch_row_content_no_spaces&#8221; css=&#8221;.vc_custom_1606470520278{border-bottom-width: 0px !important;padding-top: 0px !important;padding-bottom: 0px !important;}&#8221; el_id=&#8221;prodotti&#8221;][vc_column css=&#8221;.vc_custom_1585734001569{margin-top: 100px !important;padding-top: 50px !important;}&#8221;]<div class=\"title center\"><h2 class=\"\">Prodotti<span class=\"red-dot\"><\/span><\/h2><hr><\/div><ul id=\"filters\" class=\"no-fix\"><li data-filter=\"*\" class=\"active\">All<\/li><li data-filter=\".automazione\">Automazione<\/li> <li data-filter=\".c-1e9aeebcad154e49ef91b1524d7e7ab2\">Costruzione di macchine speciali<\/li> <li data-filter=\".etichettatrice\">Etichettatrice<\/li> <li data-filter=\".incartonatrici\">Incartonatrici<\/li> <li data-filter=\".ingegneria\">Ingegneria<\/li> <li data-filter=\".c-73ddcef73e43bad9fc4d4305a175a086\">Nonwoven<\/li> <li data-filter=\".c-7b5c1bb16bbb8008399c44548d77c123\">Sistemi di trasporto<\/li> <\/ul><div id=\"works-grid\" class=\"wide four-col\"><div class=\"work-item incartonatrici\"><div class=\"work-detail\"><a href=\"https:\/\/www.cimotec.ch\/it\/portfolio\/incartonatrici\/\"><img decoding=\"async\" src=\"https:\/\/www.cimotec.ch\/wp-content\/uploads\/2016\/01\/Titolo-Kartonierer-960x640.jpg\" alt=\"Homepage\"><div class=\"work-info\"><div class=\"centrize\"><div class=\"v-center\"><h3>Incartonatrici<\/h3><p>Incartonatrici<\/p><\/div><\/div><\/div><\/a><\/div><\/div><div class=\"work-item c-1e9aeebcad154e49ef91b1524d7e7ab2\"><div class=\"work-detail\"><a href=\"https:\/\/www.cimotec.ch\/it\/portfolio\/costruzione-di-macchine-speciali\/\"><img decoding=\"async\" src=\"https:\/\/www.cimotec.ch\/wp-content\/uploads\/2020\/02\/Titolo-Sonder-960x640.jpg\" alt=\"Homepage\"><div class=\"work-info\"><div class=\"centrize\"><div class=\"v-center\"><h3>Costruzione di macchine speciali<\/h3><p>Costruzione di macchine speciali<\/p><\/div><\/div><\/div><\/a><\/div><\/div><div class=\"work-item nonwoven\"><div class=\"work-detail\"><a href=\"https:\/\/www.cimotec.ch\/portfolio\/nonwoven\/\"><img decoding=\"async\" src=\"https:\/\/www.cimotec.ch\/wp-content\/uploads\/2020\/02\/CIMOTEC_260313_0013_INTERNET-960x640.jpg\" alt=\"Homepage\"><div class=\"work-info\"><div class=\"centrize\"><div class=\"v-center\"><h3>Nonwoven<\/h3><p>Nonwoven<\/p><\/div><\/div><\/div><\/a><\/div><\/div><div class=\"work-item automazione\"><div class=\"work-detail\"><a href=\"https:\/\/www.cimotec.ch\/it\/portfolio\/automazione\/\"><img decoding=\"async\" src=\"https:\/\/www.cimotec.ch\/wp-content\/uploads\/2020\/04\/Titolo-Automation-960x640.jpg\" alt=\"Homepage\"><div class=\"work-info\"><div class=\"centrize\"><div class=\"v-center\"><h3>Automazione<\/h3><p>Automazione<\/p><\/div><\/div><\/div><\/a><\/div><\/div><div class=\"work-item c-7b5c1bb16bbb8008399c44548d77c123\"><div class=\"work-detail\"><a href=\"https:\/\/www.cimotec.ch\/it\/portfolio\/sistemi-di-trasporto\/\"><img decoding=\"async\" src=\"https:\/\/www.cimotec.ch\/wp-content\/uploads\/2020\/04\/Titolo-Trans-960x640.jpg\" alt=\"Homepage\"><div class=\"work-info\"><div class=\"centrize\"><div class=\"v-center\"><h3>Sistemi di trasporto<\/h3><p>Sistemi di trasporto<\/p><\/div><\/div><\/div><\/a><\/div><\/div><div class=\"work-item etichettatrice\"><div class=\"work-detail\"><a href=\"https:\/\/www.cimotec.ch\/it\/portfolio\/etichettatrice\/\"><img decoding=\"async\" src=\"https:\/\/www.cimotec.ch\/wp-content\/uploads\/2020\/10\/Titolo-Ettikettierer-960x640.jpg\" alt=\"Homepage\"><div class=\"work-info\"><div class=\"centrize\"><div class=\"v-center\"><h3>Etichettatrice<\/h3><p>Etichettatrice<\/p><\/div><\/div><\/div><\/a><\/div><\/div><div class=\"work-item ingegneria\"><div class=\"work-detail\"><a href=\"https:\/\/www.cimotec.ch\/it\/portfolio\/ingegneria\/\"><img decoding=\"async\" src=\"https:\/\/www.cimotec.ch\/wp-content\/uploads\/2020\/10\/Titolo-Eng-960x640.jpg\" alt=\"Homepage\"><div class=\"work-info\"><div class=\"centrize\"><div class=\"v-center\"><h3>Ingegneria<\/h3><p>Ingegneria<\/p><\/div><\/div><\/div><\/a><\/div><\/div><\/div>[\/vc_column][\/vc_row][vc_row el_id=&#8221;partner&#8221; css=&#8221;.vc_custom_1602511478091{padding-top: 40px !important;padding-bottom: 70px !important;}&#8221;][vc_column css=&#8221;.vc_custom_1585734137582{margin-top: 90px !important;}&#8221;]<div class=\"title center\"><h3 class=\"\">Partner<span class=\"red-dot\"><\/span><\/h3><hr><\/div>[vc_row_inner css=&#8221;.vc_custom_1452868173625{padding-top: 25px !important;padding-bottom: 25px !important;}&#8221;][vc_column_inner el_id=&#8221;clients&#8221;]<div class=\"boxes clients\"><div class=\"row\"><div class=\"col-sm-4 col-xs-6\"><img decoding=\"async\" class=\"client-image\" src=\"https:\/\/www.cimotec.ch\/wp-content\/uploads\/2020\/10\/Altech.jpg\" data-animated=\"true\" alt=\"\"><\/div><div class=\"col-sm-4 col-xs-6 border-right border-left\"><img decoding=\"async\" class=\"client-image\" src=\"https:\/\/www.cimotec.ch\/wp-content\/uploads\/2020\/10\/Comau2.png\" data-animated=\"true\" alt=\"\"><\/div><div class=\"col-sm-4 col-xs-6\"><img decoding=\"async\" class=\"client-image\" src=\"https:\/\/www.cimotec.ch\/wp-content\/uploads\/2020\/10\/Cariba.jpg\" data-animated=\"true\" alt=\"\"><\/div><\/div><\/div>[\/vc_column_inner][\/vc_row_inner][\/vc_column][\/vc_row][vc_row css=&#8221;.vc_custom_1606470528354{padding-top: 110px !important;padding-bottom: 50px !important;}&#8221; el_id=&#8221;contatti&#8221;][vc_column width=&#8221;1\/3&#8243;]<div class=\"icon-box-small \"><i class=\"icon-map\" ><\/i><span class=\"back-icon\"><i class=\"icon-map\"><\/i><\/span><hr><h4>INDIRIZZO<\/h4><p>Via al Fiume 1<br \/>\nCH-6930 Bedano<\/p>\n<p>Badstrasse 43<br \/>\nCH-9230 Flawil<\/p><\/div>[\/vc_column][vc_column width=&#8221;1\/3&#8243; el_class=&#8221;iconwithspace&#8221;]<div class=\"icon-box-small \"><i class=\"icon-phone\" ><\/i><span class=\"back-icon\"><i class=\"icon-phone\"><\/i><\/span><hr><h4>TELEFONO<\/h4><p>+41 91 935 21 80<\/p>\n<p>+41 71 394 00 40<\/p><\/div>[\/vc_column][vc_column width=&#8221;1\/3&#8243; el_class=&#8221;iconwithspace&#8221;]<div class=\"icon-box-small \"><i class=\"icon-envelope\" ><\/i><span class=\"back-icon\"><i class=\"icon-envelope\"><\/i><\/span><hr><h4>EMAIL<\/h4><p>info@cimotec.ch<\/p>\n<p>verkauf@cimotec.ch<\/p><\/div>[\/vc_column][\/vc_row][vc_row full_width=&#8221;stretch_row&#8221; css=&#8221;.vc_custom_1585736027358{padding-top: 0px !important;}&#8221;][vc_column width=&#8221;1\/2&#8243;][vc_column_text]<\/p>\n<style>.embed-container {position: relative; padding-bottom: 80%; height: 0; max-width: 100%;} .embed-container iframe, .embed-container object, .embed-container iframe{position: absolute; top: 0; left: 0; width: 100%; height: 100%;} small{position: absolute; z-index: 40; bottom: 0; margin-bottom: -15px;}<\/style>\n<div class=\"embed-container\"><iframe loading=\"lazy\" title=\"Human Geography Map\" src=\"\/\/www.arcgis.com\/apps\/Embed\/index.html?webmap=3582b744bba84668b52a16b0b6942544&amp;extent=8.8934,46.0401,8.9568,46.0657&amp;zoom=true&amp;previewImage=false&amp;scale=true&amp;disable_scroll=true&amp;theme=light&amp;marker=8.924;46.052;;;;Cimotec%20SA\" width=\"500\" height=\"400\" frameborder=\"0\" marginwidth=\"0\" marginheight=\"0\" scrolling=\"no\" data-mce-fragment=\"1\"><\/iframe><\/div>\n<p>[\/vc_column_text][\/vc_column][vc_column width=&#8221;1\/2&#8243; css=&#8221;.vc_custom_1602138557004{padding-top: 80px !important;padding-right: 60px !important;padding-left: 40px !important;}&#8221;]<div class=\"title\"><h3 class=\"\">Contattaci<span class=\"red-dot\"><\/span><\/h3><hr><\/div>\n<div class=\"wpcf7 no-js\" id=\"wpcf7-f2485-o1\" lang=\"it-IT\" dir=\"ltr\" data-wpcf7-id=\"2485\">\n<div class=\"screen-reader-response\"><p role=\"status\" aria-live=\"polite\" aria-atomic=\"true\"><\/p> <ul><\/ul><\/div>\n<form action=\"\/it\/wp-json\/wp\/v2\/pages\/2456#wpcf7-f2485-o1\" method=\"post\" class=\"wpcf7-form init\" aria-label=\"Modulo di contatto\" novalidate=\"novalidate\" data-status=\"init\">\n<fieldset class=\"hidden-fields-container\"><input type=\"hidden\" name=\"_wpcf7\" value=\"2485\" \/><input type=\"hidden\" name=\"_wpcf7_version\" value=\"6.1.5\" \/><input type=\"hidden\" name=\"_wpcf7_locale\" value=\"it_IT\" \/><input type=\"hidden\" name=\"_wpcf7_unit_tag\" value=\"wpcf7-f2485-o1\" \/><input type=\"hidden\" name=\"_wpcf7_container_post\" value=\"0\" \/><input type=\"hidden\" name=\"_wpcf7_posted_data_hash\" value=\"\" \/><input type=\"hidden\" name=\"_wpcf7_recaptcha_response\" value=\"\" \/>\n<\/fieldset>\n<div class=\"form-group\">\n\t<p><span class=\"wpcf7-form-control-wrap\" data-name=\"your-name\"><input size=\"40\" maxlength=\"400\" class=\"wpcf7-form-control wpcf7-text wpcf7-validates-as-required\" aria-required=\"true\" aria-invalid=\"false\" placeholder=\"Nome\" value=\"\" type=\"text\" name=\"your-name\" \/><\/span>\n\t<\/p>\n<\/div>\n<div class=\"form-group\">\n\t<p><span class=\"wpcf7-form-control-wrap\" data-name=\"your-email\"><input size=\"40\" maxlength=\"400\" class=\"wpcf7-form-control wpcf7-email wpcf7-validates-as-required wpcf7-text wpcf7-validates-as-email\" aria-required=\"true\" aria-invalid=\"false\" placeholder=\"Email\" value=\"\" type=\"email\" name=\"your-email\" \/><\/span>\n\t<\/p>\n<\/div>\n<div class=\"form-group\">\n\t<p><span class=\"wpcf7-form-control-wrap\" data-name=\"your-phone\"><input size=\"40\" maxlength=\"400\" class=\"wpcf7-form-control wpcf7-text\" aria-invalid=\"false\" placeholder=\"Telefono\" value=\"\" type=\"text\" name=\"your-phone\" \/><\/span>\n\t<\/p>\n<\/div>\n<div class=\"form-group\">\n\t<p><span class=\"wpcf7-form-control-wrap\" data-name=\"your-message\"><textarea cols=\"40\" rows=\"10\" maxlength=\"2000\" class=\"wpcf7-form-control wpcf7-textarea wpcf7-validates-as-required\" aria-required=\"true\" aria-invalid=\"false\" placeholder=\"Messaggio\" name=\"your-message\"><\/textarea><\/span>\n\t<\/p>\n<\/div>\n<div class=\"form-group\">\n\t<p><span class=\"wpcf7-form-control-wrap\" data-name=\"acceptance-316\"><span class=\"wpcf7-form-control wpcf7-acceptance\"><span class=\"wpcf7-list-item\"><label><input type=\"checkbox\" name=\"acceptance-316\" value=\"1\" aria-invalid=\"false\" \/><span class=\"wpcf7-list-item-label\">Accetto le condizioni indicate nella Privacy Policy<\/span><\/label><\/span><\/span><\/span>\n\t<\/p>\n<\/div>\n<div class=\"form-group\">\n\t<p><input class=\"wpcf7-form-control wpcf7-submit has-spinner btn-color\" type=\"submit\" value=\"Invia\" \/>\n\t<\/p>\n<\/div><div class=\"wpcf7-response-output\" aria-hidden=\"true\"><\/div>\n<\/form>\n<\/div>\n[\/vc_column][\/vc_row][vc_row el_class=&#8221;hidden-container&#8221;][vc_column][vc_raw_html]JTNDc2NyaXB0JTNFJTBBalF1ZXJ5JTI4ZnVuY3Rpb24lMjglMjklN0IlMEElMjAlMjBqUXVlcnklMjglMjIuY2xpZW50LWltYWdlJTNBZmlyc3QlMjIlMjkud3JhcCUyOCUyMiUzQ2ElMjBocmVmJTNEJTVDJTIyaHR0cCUzQSUyRiUyRnd3dy5hbHRlY2guaXQlNUMlMjIlMjB0YXJnZXQlM0QlNUMlMjJfYmxhbmslNUMlMjIlM0UlM0MlMkZhJTNFJTIyJTI5JTNCJTBBJTIwJTIwalF1ZXJ5JTI4JTIyLmNsaWVudC1pbWFnZSUzQWVxJTI4MSUyOSUyMiUyOS53cmFwJTI4JTIyJTNDYSUyMGhyZWYlM0QlNUMlMjJodHRwcyUzQSUyRiUyRnd3dy5jb21hdS5jb20lMkZpdCUyRmNvbXBldGVuY2llcyUyRnJvYm90aWNzLWF1dG9tYXRpb24lMkZyb2JvdC10ZWFtJTJGJTVDJTIyJTIwdGFyZ2V0JTNEJTVDJTIyX2JsYW5rJTVDJTIyJTNFJTNDJTJGYSUzRSUyMiUyOSUzQiUwQSUyMCUyMGpRdWVyeSUyOCUyMi5jbGllbnQtaW1hZ2UlM0FlcSUyODIlMjklMjIlMjkud3JhcCUyOCUyMiUzQ2ElMjBocmVmJTNEJTVDJTIyaHR0cHMlM0ElMkYlMkZ3d3cuY2FyaWJhLml0JTJGJTVDJTIyJTIwdGFyZ2V0JTNEJTVDJTIyX2JsYW5rJTVDJTIyJTNFJTNDJTJGYSUzRSUyMiUyOSUzQiUwQSU3RCUyOSUzQiUwQSUzQyUyRnNjcmlwdCUzRQ==[\/vc_raw_html][\/vc_column][\/vc_row]<\/p>\n<\/div>","protected":false},"excerpt":{"rendered":"<p>[vc_row full_height=&#8221;yes&#8221; video_bg=&#8221;youtube&#8221; video_bg_url=&#8221;https:\/\/www.youtube.com\/watch?v=fkox8fAhCz4&#8243; css=&#8221;.vc_custom_1712754727955{border-bottom-width: 0px !important;padding-top: 0px !important;padding-bottom: 0px !important;}&#8221;][vc_column css=&#8221;.vc_custom_1604940980177{padding-top: 470px !important;padding-bottom: 470px !important;}&#8221;][\/vc_column][\/vc_row][vc_row el_id=&#8221;chi-siamo&#8221; css=&#8221;.vc_custom_1606470509492{padding-top: 30px !important;}&#8221;][vc_column css=&#8221;.vc_custom_1585734277593{margin-top: 90px !important;}&#8221;][vc_row_inner el_class=&#8221;section-content&#8221;][vc_column_inner offset=&#8221;vc_col-md-offset-2 vc_col-md-8&#8243;][vc_column_text font_style=&#8221;serif&#8221;] Il vostro partner per le linee di confezionamento finale e l&#8217;automazione industriale made in Switzerland Costruire \u00e8 la nostra passione [\/vc_column_text][\/vc_column_inner][\/vc_row_inner][\/vc_column][\/vc_row][vc_row full_width=&#8221;stretch_row_content_no_spaces&#8221; split_row=&#8221;yes&#8221; split_row_bg_type=&#8221;image&#8221; split_row_bg=&#8221;2097&#8243; show_title=&#8221;yes&#8221; split_text_align=&#8221;left&#8221; split_text_align_sm=&#8221;center&#8221;[&#8230;] <\/p>\n<p class=\"mt-15\"><a class=\"btn btn-color btn-sm\" href=\"https:\/\/www.cimotec.ch\/it\/\">Read More<\/a><\/p>\n","protected":false},"author":1,"featured_media":0,"parent":0,"menu_order":0,"comment_status":"closed","ping_status":"closed","template":"","meta":{"footnotes":""},"class_list":["post-2456","page","type-page","status-publish","hentry"],"_links":{"self":[{"href":"https:\/\/www.cimotec.ch\/it\/wp-json\/wp\/v2\/pages\/2456","targetHints":{"allow":["GET"]}}],"collection":[{"href":"https:\/\/www.cimotec.ch\/it\/wp-json\/wp\/v2\/pages"}],"about":[{"href":"https:\/\/www.cimotec.ch\/it\/wp-json\/wp\/v2\/types\/page"}],"author":[{"embeddable":true,"href":"https:\/\/www.cimotec.ch\/it\/wp-json\/wp\/v2\/users\/1"}],"replies":[{"embeddable":true,"href":"https:\/\/www.cimotec.ch\/it\/wp-json\/wp\/v2\/comments?post=2456"}],"version-history":[{"count":25,"href":"https:\/\/www.cimotec.ch\/it\/wp-json\/wp\/v2\/pages\/2456\/revisions"}],"predecessor-version":[{"id":2734,"href":"https:\/\/www.cimotec.ch\/it\/wp-json\/wp\/v2\/pages\/2456\/revisions\/2734"}],"wp:attachment":[{"href":"https:\/\/www.cimotec.ch\/it\/wp-json\/wp\/v2\/media?parent=2456"}],"curies":[{"name":"wp","href":"https:\/\/api.w.org\/{rel}","templated":true}]}}